{"id":433,"date":"2021-03-08T10:08:54","date_gmt":"2021-03-08T09:08:54","guid":{"rendered":"https:\/\/jdnd.mood.asso.fr\/equipe\/?page_id=433"},"modified":"2022-11-09T12:47:17","modified_gmt":"2022-11-09T11:47:17","slug":"deroule","status":"publish","type":"page","link":"https:\/\/jdnd.mood.asso.fr\/equipe\/documents\/deroule\/","title":{"rendered":"D\u00e9roul\u00e9 sur place"},"content":{"rendered":"\n<p class=\"has-background\" style=\"background-color:#cee06c\"><strong>&#x26a0;&#xfe0f; Attention, les informations ci-dessous concernent l&rsquo;\u00e9dition 2022<\/strong>.<\/p>\n\n\n\n<p><em>Comment \u00e7a se passe sur place ?<\/em><\/p>\n\n\n\n<h2 class=\"wp-block-heading\">Avant 12h<\/h2>\n\n\n\n<ul class=\"wp-block-list\">\n<li><strong>8h<\/strong> \u2014 Installation de vos activit\u00e9s !<\/li>\n\n\n\n<li>Pensez \u00e0 apporter votre petit mat\u00e9riel pour votre d\u00e9coration : ciseaux, scotch transparent (<strong>scotch marron ou autre couleur interdit sur les tentes<\/strong>), ficelle\u2026 Tout ce qui peut vous faciliter la vie dans la pose de votre d\u00e9co ou de votre com&rsquo;.<\/li>\n\n\n\n<li>Tous les v\u00e9hicules doivent \u00eatre sortis <strong>avant 11h<\/strong>. <\/li>\n\n\n\n<li><strong>11h30<\/strong> \u2014 Photo de groupe et r\u00e9vision des <a href=\"https:\/\/jdnd.mood.asso.fr\/equipe\/documents\/lsf\/\">signes LSF<\/a>.<\/li>\n<\/ul>\n\n\n\n<h2 class=\"wp-block-heading\">Entre 12h et 13h30<\/h2>\n\n\n\n<ul class=\"wp-block-list\">\n<li>Pr\u00e9senter votre ticket pour avoir le plateau (penser \u00e0 commander !).<\/li>\n\n\n\n<li>N&rsquo;h\u00e9sitez pas \u00e0 rester tous ensemble !<\/li>\n<\/ul>\n\n\n\n<h2 class=\"wp-block-heading\">De 13h30 \u00e0 19h<\/h2>\n\n\n\n<ul class=\"wp-block-list\">\n<li><strong>13h30 \u2014 Ouverture officielle : place \u00e0 vos activit\u00e9s ! &#x1f939;&#x200d;&#x2640;&#xfe0f;<\/strong><\/li>\n\n\n\n<li>Pensez \u00e0 vous organiser : roulement des b\u00e9n\u00e9voles, horaires et pauses, etc.<\/li>\n\n\n\n<li>Communication : d\u00e9pliants, affiches, cartes de visites, etc. sur votre association \u00e0 poser sur les tables et sur les grilles (pas dehors !)<\/li>\n\n\n\n<li>Toutes les consignes de s\u00e9curit\u00e9 et num\u00e9ros d&rsquo;urgence <a href=\"https:\/\/jdnd.mood.asso.fr\/equipe\/documents\/\">sont sur le PDF<\/a>.<\/li>\n\n\n\n<li>St\u00e9phane passera r\u00e9guli\u00e8rement dans les stands pour capturer les bons moments. N&rsquo;h\u00e9sitez pas \u00e0 prendre des photos aussi !<\/li>\n\n\n\n<li><strong>Par respect pour les visiteurs, merci de ne pas ranger votre mat\u00e9riel avant l&rsquo;heure de fin.<\/strong><\/li>\n<\/ul>\n\n\n\n<h2 class=\"wp-block-heading\">A partir de 19h<\/h2>\n\n\n\n<ul class=\"wp-block-list\">\n<li>Tout le monde range dans la bonne humeur malgr\u00e9 la fatigue \ud83d\ude09<\/li>\n<\/ul>\n","protected":false},"excerpt":{"rendered":"<p>&#x26a0;&#xfe0f; Attention, les informations ci-dessous concernent l&rsquo;\u00e9dition 2022. Comment \u00e7a se passe sur place ? Avant 12h Entre 12h et 13h30 De 13h30 \u00e0 19h A partir de 19h<\/p>\n","protected":false},"author":1,"featured_media":0,"parent":2,"menu_order":0,"comment_status":"closed","ping_status":"closed","template":"","meta":{"_uag_custom_page_level_css":"","hide_page_title":"","footnotes":""},"class_list":["post-433","page","type-page","status-publish","hentry"],"uagb_featured_image_src":{"full":false,"thumbnail":false,"medium":false,"medium_large":false,"large":false,"1536x1536":false,"2048x2048":false},"uagb_author_info":{"display_name":"stefhan","author_link":"https:\/\/jdnd.mood.asso.fr\/equipe\/author\/stefhan\/"},"uagb_comment_info":0,"uagb_excerpt":"&#x26a0;&#xfe0f; Attention, les informations ci-dessous concernent l&rsquo;\u00e9dition 2022. Comment \u00e7a se passe sur place ? Avant 12h Entre 12h et 13h30 De 13h30 \u00e0 19h A partir de 19h","_links":{"self":[{"href":"https:\/\/jdnd.mood.asso.fr\/equipe\/wp-json\/wp\/v2\/pages\/433","targetHints":{"allow":["GET"]}}],"collection":[{"href":"https:\/\/jdnd.mood.asso.fr\/equipe\/wp-json\/wp\/v2\/pages"}],"about":[{"href":"https:\/\/jdnd.mood.asso.fr\/equipe\/wp-json\/wp\/v2\/types\/page"}],"author":[{"embeddable":true,"href":"https:\/\/jdnd.mood.asso.fr\/equipe\/wp-json\/wp\/v2\/users\/1"}],"replies":[{"embeddable":true,"href":"https:\/\/jdnd.mood.asso.fr\/equipe\/wp-json\/wp\/v2\/comments?post=433"}],"version-history":[{"count":6,"href":"https:\/\/jdnd.mood.asso.fr\/equipe\/wp-json\/wp\/v2\/pages\/433\/revisions"}],"predecessor-version":[{"id":938,"href":"https:\/\/jdnd.mood.asso.fr\/equipe\/wp-json\/wp\/v2\/pages\/433\/revisions\/938"}],"up":[{"embeddable":true,"href":"https:\/\/jdnd.mood.asso.fr\/equipe\/wp-json\/wp\/v2\/pages\/2"}],"wp:attachment":[{"href":"https:\/\/jdnd.mood.asso.fr\/equipe\/wp-json\/wp\/v2\/media?parent=433"}],"curies":[{"name":"wp","href":"https:\/\/api.w.org\/{rel}","templated":true}]}}