{"id":214,"date":"2019-04-30T11:25:37","date_gmt":"2019-04-30T09:25:37","guid":{"rendered":"https:\/\/jdnd.mood.asso.fr\/equipe\/?page_id=214"},"modified":"2019-05-14T18:01:47","modified_gmt":"2019-05-14T16:01:47","slug":"lsf","status":"publish","type":"page","link":"https:\/\/jdnd.mood.asso.fr\/equipe\/documents\/lsf\/","title":{"rendered":"Signes LSF"},"content":{"rendered":"\n<p><em>Voici les images et les vid\u00e9os des signes (boissons, g\u00e2teaux, etc.) en Langue des Signes Fran\u00e7aise (LSF) pour r\u00e9viser avant le jour J !<\/em><\/p>\n\n\n\n<ul class=\"wp-block-gallery columns-4 is-cropped wp-block-gallery-1 is-layout-flex wp-block-gallery-is-layout-flex\"><li class=\"blocks-gallery-item\"><figure><a href=\"https:\/\/jdnd.mood.asso.fr\/equipe\/wp-content\/uploads\/jdnd-lsf-bonjour-724x1024.png\"><img loading=\"lazy\" decoding=\"async\" width=\"724\" height=\"1024\" src=\"https:\/\/jdnd.mood.asso.fr\/equipe\/wp-content\/uploads\/jdnd-lsf-bonjour-724x1024.png\" alt=\"\" data-id=\"246\" data-link=\"https:\/\/jdnd.mood.asso.fr\/equipe\/documents\/lsf\/jdnd-lsf-bonjour\/\" class=\"wp-image-246\" srcset=\"https:\/\/jdnd.mood.asso.fr\/equipe\/wp-content\/uploads\/jdnd-lsf-bonjour-724x1024.png 724w, https:\/\/jdnd.mood.asso.fr\/equipe\/wp-content\/uploads\/jdnd-lsf-bonjour-212x300.png 212w, https:\/\/jdnd.mood.asso.fr\/equipe\/wp-content\/uploads\/jdnd-lsf-bonjour-768x1086.png 768w\" sizes=\"auto, (max-width: 724px) 100vw, 724px\" \/><\/a><\/figure><\/li><li class=\"blocks-gallery-item\"><figure><a href=\"https:\/\/jdnd.mood.asso.fr\/equipe\/wp-content\/uploads\/jdnd-lsf-cafe-724x1024.png\"><img loading=\"lazy\" decoding=\"async\" width=\"724\" height=\"1024\" src=\"https:\/\/jdnd.mood.asso.fr\/equipe\/wp-content\/uploads\/jdnd-lsf-cafe-724x1024.png\" alt=\"\" data-id=\"247\" data-link=\"https:\/\/jdnd.mood.asso.fr\/equipe\/documents\/lsf\/jdnd-lsf-cafe\/\" class=\"wp-image-247\" srcset=\"https:\/\/jdnd.mood.asso.fr\/equipe\/wp-content\/uploads\/jdnd-lsf-cafe-724x1024.png 724w, https:\/\/jdnd.mood.asso.fr\/equipe\/wp-content\/uploads\/jdnd-lsf-cafe-212x300.png 212w, https:\/\/jdnd.mood.asso.fr\/equipe\/wp-content\/uploads\/jdnd-lsf-cafe-768x1086.png 768w\" sizes=\"auto, (max-width: 724px) 100vw, 724px\" \/><\/a><\/figure><\/li><li class=\"blocks-gallery-item\"><figure><a href=\"https:\/\/jdnd.mood.asso.fr\/equipe\/wp-content\/uploads\/jdnd-lsf-eau-724x1024.png\"><img loading=\"lazy\" decoding=\"async\" width=\"724\" height=\"1024\" src=\"https:\/\/jdnd.mood.asso.fr\/equipe\/wp-content\/uploads\/jdnd-lsf-eau-724x1024.png\" alt=\"\" data-id=\"248\" data-link=\"https:\/\/jdnd.mood.asso.fr\/equipe\/documents\/lsf\/jdnd-lsf-eau\/\" class=\"wp-image-248\" srcset=\"https:\/\/jdnd.mood.asso.fr\/equipe\/wp-content\/uploads\/jdnd-lsf-eau-724x1024.png 724w, https:\/\/jdnd.mood.asso.fr\/equipe\/wp-content\/uploads\/jdnd-lsf-eau-212x300.png 212w, https:\/\/jdnd.mood.asso.fr\/equipe\/wp-content\/uploads\/jdnd-lsf-eau-768x1086.png 768w\" sizes=\"auto, (max-width: 724px) 100vw, 724px\" \/><\/a><\/figure><\/li><li class=\"blocks-gallery-item\"><figure><a href=\"https:\/\/jdnd.mood.asso.fr\/equipe\/wp-content\/uploads\/jdnd-lsf-gateau-724x1024.png\"><img loading=\"lazy\" decoding=\"async\" width=\"724\" height=\"1024\" src=\"https:\/\/jdnd.mood.asso.fr\/equipe\/wp-content\/uploads\/jdnd-lsf-gateau-724x1024.png\" alt=\"\" data-id=\"249\" data-link=\"https:\/\/jdnd.mood.asso.fr\/equipe\/documents\/lsf\/jdnd-lsf-gateau\/\" class=\"wp-image-249\" srcset=\"https:\/\/jdnd.mood.asso.fr\/equipe\/wp-content\/uploads\/jdnd-lsf-gateau-724x1024.png 724w, https:\/\/jdnd.mood.asso.fr\/equipe\/wp-content\/uploads\/jdnd-lsf-gateau-212x300.png 212w, https:\/\/jdnd.mood.asso.fr\/equipe\/wp-content\/uploads\/jdnd-lsf-gateau-768x1086.png 768w\" sizes=\"auto, (max-width: 724px) 100vw, 724px\" \/><\/a><\/figure><\/li><li class=\"blocks-gallery-item\"><figure><a href=\"https:\/\/jdnd.mood.asso.fr\/equipe\/wp-content\/uploads\/jdnd-lsf-orange-724x1024.png\"><img loading=\"lazy\" decoding=\"async\" width=\"724\" height=\"1024\" src=\"https:\/\/jdnd.mood.asso.fr\/equipe\/wp-content\/uploads\/jdnd-lsf-orange-724x1024.png\" alt=\"\" data-id=\"250\" data-link=\"https:\/\/jdnd.mood.asso.fr\/equipe\/documents\/lsf\/jdnd-lsf-orange\/\" class=\"wp-image-250\" srcset=\"https:\/\/jdnd.mood.asso.fr\/equipe\/wp-content\/uploads\/jdnd-lsf-orange-724x1024.png 724w, https:\/\/jdnd.mood.asso.fr\/equipe\/wp-content\/uploads\/jdnd-lsf-orange-212x300.png 212w, https:\/\/jdnd.mood.asso.fr\/equipe\/wp-content\/uploads\/jdnd-lsf-orange-768x1086.png 768w\" sizes=\"auto, (max-width: 724px) 100vw, 724px\" \/><\/a><\/figure><\/li><li class=\"blocks-gallery-item\"><figure><a href=\"https:\/\/jdnd.mood.asso.fr\/equipe\/wp-content\/uploads\/jdnd-lsf-pomme-724x1024.png\"><img loading=\"lazy\" decoding=\"async\" width=\"724\" height=\"1024\" src=\"https:\/\/jdnd.mood.asso.fr\/equipe\/wp-content\/uploads\/jdnd-lsf-pomme-724x1024.png\" alt=\"\" data-id=\"251\" data-link=\"https:\/\/jdnd.mood.asso.fr\/equipe\/documents\/lsf\/jdnd-lsf-pomme\/\" class=\"wp-image-251\" srcset=\"https:\/\/jdnd.mood.asso.fr\/equipe\/wp-content\/uploads\/jdnd-lsf-pomme-724x1024.png 724w, https:\/\/jdnd.mood.asso.fr\/equipe\/wp-content\/uploads\/jdnd-lsf-pomme-212x300.png 212w, https:\/\/jdnd.mood.asso.fr\/equipe\/wp-content\/uploads\/jdnd-lsf-pomme-768x1086.png 768w\" sizes=\"auto, (max-width: 724px) 100vw, 724px\" \/><\/a><\/figure><\/li><li class=\"blocks-gallery-item\"><figure><a href=\"https:\/\/jdnd.mood.asso.fr\/equipe\/wp-content\/uploads\/jdnd-lsf-the-724x1024.png\"><img loading=\"lazy\" decoding=\"async\" width=\"724\" height=\"1024\" src=\"https:\/\/jdnd.mood.asso.fr\/equipe\/wp-content\/uploads\/jdnd-lsf-the-724x1024.png\" alt=\"\" data-id=\"252\" data-link=\"https:\/\/jdnd.mood.asso.fr\/equipe\/documents\/lsf\/jdnd-lsf-the\/\" class=\"wp-image-252\" srcset=\"https:\/\/jdnd.mood.asso.fr\/equipe\/wp-content\/uploads\/jdnd-lsf-the-724x1024.png 724w, https:\/\/jdnd.mood.asso.fr\/equipe\/wp-content\/uploads\/jdnd-lsf-the-212x300.png 212w, https:\/\/jdnd.mood.asso.fr\/equipe\/wp-content\/uploads\/jdnd-lsf-the-768x1086.png 768w\" sizes=\"auto, (max-width: 724px) 100vw, 724px\" \/><\/a><\/figure><\/li><li class=\"blocks-gallery-item\"><figure><a href=\"https:\/\/jdnd.mood.asso.fr\/equipe\/wp-content\/uploads\/jdnd-lsf-vouloir-724x1024.png\"><img loading=\"lazy\" decoding=\"async\" width=\"724\" height=\"1024\" src=\"https:\/\/jdnd.mood.asso.fr\/equipe\/wp-content\/uploads\/jdnd-lsf-vouloir-724x1024.png\" alt=\"\" data-id=\"253\" data-link=\"https:\/\/jdnd.mood.asso.fr\/equipe\/documents\/lsf\/jdnd-lsf-vouloir\/\" class=\"wp-image-253\" srcset=\"https:\/\/jdnd.mood.asso.fr\/equipe\/wp-content\/uploads\/jdnd-lsf-vouloir-724x1024.png 724w, https:\/\/jdnd.mood.asso.fr\/equipe\/wp-content\/uploads\/jdnd-lsf-vouloir-212x300.png 212w, https:\/\/jdnd.mood.asso.fr\/equipe\/wp-content\/uploads\/jdnd-lsf-vouloir-768x1086.png 768w\" sizes=\"auto, (max-width: 724px) 100vw, 724px\" \/><\/a><\/figure><\/li><\/ul>\n","protected":false},"excerpt":{"rendered":"<p>Voici les images et les vid\u00e9os des signes (boissons, g\u00e2teaux, etc.) en Langue des Signes Fran\u00e7aise (LSF) pour r\u00e9viser avant le jour J !<\/p>\n","protected":false},"author":1,"featured_media":0,"parent":2,"menu_order":0,"comment_status":"closed","ping_status":"closed","template":"","meta":{"_uag_custom_page_level_css":"","hide_page_title":"","footnotes":""},"class_list":["post-214","page","type-page","status-publish","hentry"],"uagb_featured_image_src":{"full":false,"thumbnail":false,"medium":false,"medium_large":false,"large":false,"1536x1536":false,"2048x2048":false},"uagb_author_info":{"display_name":"stefhan","author_link":"https:\/\/jdnd.mood.asso.fr\/equipe\/author\/stefhan\/"},"uagb_comment_info":0,"uagb_excerpt":"Voici les images et les vid\u00e9os des signes (boissons, g\u00e2teaux, etc.) en Langue des Signes Fran\u00e7aise (LSF) pour r\u00e9viser avant le jour J !","_links":{"self":[{"href":"https:\/\/jdnd.mood.asso.fr\/equipe\/wp-json\/wp\/v2\/pages\/214","targetHints":{"allow":["GET"]}}],"collection":[{"href":"https:\/\/jdnd.mood.asso.fr\/equipe\/wp-json\/wp\/v2\/pages"}],"about":[{"href":"https:\/\/jdnd.mood.asso.fr\/equipe\/wp-json\/wp\/v2\/types\/page"}],"author":[{"embeddable":true,"href":"https:\/\/jdnd.mood.asso.fr\/equipe\/wp-json\/wp\/v2\/users\/1"}],"replies":[{"embeddable":true,"href":"https:\/\/jdnd.mood.asso.fr\/equipe\/wp-json\/wp\/v2\/comments?post=214"}],"version-history":[{"count":3,"href":"https:\/\/jdnd.mood.asso.fr\/equipe\/wp-json\/wp\/v2\/pages\/214\/revisions"}],"predecessor-version":[{"id":255,"href":"https:\/\/jdnd.mood.asso.fr\/equipe\/wp-json\/wp\/v2\/pages\/214\/revisions\/255"}],"up":[{"embeddable":true,"href":"https:\/\/jdnd.mood.asso.fr\/equipe\/wp-json\/wp\/v2\/pages\/2"}],"wp:attachment":[{"href":"https:\/\/jdnd.mood.asso.fr\/equipe\/wp-json\/wp\/v2\/media?parent=214"}],"curies":[{"name":"wp","href":"https:\/\/api.w.org\/{rel}","templated":true}]}}