{"id":182,"date":"2019-03-22T18:36:05","date_gmt":"2019-03-22T17:36:05","guid":{"rendered":"https:\/\/jdnd.mood.asso.fr\/equipe\/?page_id=182"},"modified":"2021-05-31T11:57:08","modified_gmt":"2021-05-31T09:57:08","slug":"site-internet","status":"publish","type":"page","link":"https:\/\/jdnd.mood.asso.fr\/equipe\/accueil\/communication\/site-internet\/","title":{"rendered":"Site internet"},"content":{"rendered":"\n<p>Merci de nous fournir les textes suivants <a href=\"https:\/\/jdnd.mood.asso.fr\/equipe\/contacts\/\">par email<\/a> :<\/p>\n\n\n\n<ul class=\"wp-block-list\"><li>Nom de l&rsquo;association et son acronyme<\/li><li>Descriptif de l&rsquo;activit\u00e9 pr\u00e9sent\u00e9e \u00e0 JDND (1 titre + 1 paragraphe)<\/li><li>Descriptif de votre association (5 paragraphes)<\/li><li>Le logo au format JPG PDF AI PSD (non accept\u00e9s : Word)<\/li><li>Eventuellement une photo d&rsquo;illustration (jusqu&rsquo;\u00e0 5 maximum)<\/li><li>Les coordonn\u00e9es (dans cet ordre) : <br>&#8211; Site internet <br>&#8211; Page Facebook <br>&#8211; Email <br>&#8211; T\u00e9l\u00e9phone <br>&#8211; Mobile <br>&#8211; Adresse postale<\/li><\/ul>\n\n\n\n<p>Toutes ces informations se retrouveront dans la fiche qui vous est d\u00e9di\u00e9e dans la rubrique \u00ab\u00a0<a rel=\"noreferrer noopener\" aria-label=\"Partenaires (s\u2019ouvre dans un nouvel onglet)\" href=\"https:\/\/jdnd.mood.asso.fr\/partenaires\/\" target=\"_blank\">Partenaires<\/a>\u00ab\u00a0.<\/p>\n","protected":false},"excerpt":{"rendered":"<p>Merci de nous fournir les textes suivants par email : Nom de l&rsquo;association et son acronyme Descriptif de l&rsquo;activit\u00e9 pr\u00e9sent\u00e9e \u00e0 JDND (1 titre + 1 paragraphe) Descriptif de votre association (5 paragraphes) Le logo au format JPG PDF AI PSD (non accept\u00e9s : Word) Eventuellement une photo d&rsquo;illustration (jusqu&rsquo;\u00e0 5 maximum) Les coordonn\u00e9es (dans [&hellip;]<\/p>\n","protected":false},"author":1,"featured_media":0,"parent":10,"menu_order":0,"comment_status":"closed","ping_status":"closed","template":"","meta":{"_uag_custom_page_level_css":"","hide_page_title":"","footnotes":""},"class_list":["post-182","page","type-page","status-publish","hentry"],"uagb_featured_image_src":{"full":false,"thumbnail":false,"medium":false,"medium_large":false,"large":false,"1536x1536":false,"2048x2048":false},"uagb_author_info":{"display_name":"stefhan","author_link":"https:\/\/jdnd.mood.asso.fr\/equipe\/author\/stefhan\/"},"uagb_comment_info":0,"uagb_excerpt":"Merci de nous fournir les textes suivants par email : Nom de l&rsquo;association et son acronyme Descriptif de l&rsquo;activit\u00e9 pr\u00e9sent\u00e9e \u00e0 JDND (1 titre + 1 paragraphe) Descriptif de votre association (5 paragraphes) Le logo au format JPG PDF AI PSD (non accept\u00e9s : Word) Eventuellement une photo d&rsquo;illustration (jusqu&rsquo;\u00e0 5 maximum) Les coordonn\u00e9es (dans\u2026","_links":{"self":[{"href":"https:\/\/jdnd.mood.asso.fr\/equipe\/wp-json\/wp\/v2\/pages\/182","targetHints":{"allow":["GET"]}}],"collection":[{"href":"https:\/\/jdnd.mood.asso.fr\/equipe\/wp-json\/wp\/v2\/pages"}],"about":[{"href":"https:\/\/jdnd.mood.asso.fr\/equipe\/wp-json\/wp\/v2\/types\/page"}],"author":[{"embeddable":true,"href":"https:\/\/jdnd.mood.asso.fr\/equipe\/wp-json\/wp\/v2\/users\/1"}],"replies":[{"embeddable":true,"href":"https:\/\/jdnd.mood.asso.fr\/equipe\/wp-json\/wp\/v2\/comments?post=182"}],"version-history":[{"count":7,"href":"https:\/\/jdnd.mood.asso.fr\/equipe\/wp-json\/wp\/v2\/pages\/182\/revisions"}],"predecessor-version":[{"id":648,"href":"https:\/\/jdnd.mood.asso.fr\/equipe\/wp-json\/wp\/v2\/pages\/182\/revisions\/648"}],"up":[{"embeddable":true,"href":"https:\/\/jdnd.mood.asso.fr\/equipe\/wp-json\/wp\/v2\/pages\/10"}],"wp:attachment":[{"href":"https:\/\/jdnd.mood.asso.fr\/equipe\/wp-json\/wp\/v2\/media?parent=182"}],"curies":[{"name":"wp","href":"https:\/\/api.w.org\/{rel}","templated":true}]}}