{"id":10,"date":"2018-06-15T21:10:24","date_gmt":"2018-06-15T19:10:24","guid":{"rendered":"https:\/\/jdnd.mood.asso.fr\/equipe\/?page_id=10"},"modified":"2022-02-08T19:03:51","modified_gmt":"2022-02-08T18:03:51","slug":"communication","status":"publish","type":"page","link":"https:\/\/jdnd.mood.asso.fr\/equipe\/accueil\/communication\/","title":{"rendered":"Communication"},"content":{"rendered":"\n<p>Pour bien communiquer sur l&rsquo;\u00e9v\u00e9nement, je vous propose <a href=\"https:\/\/jdnd.mood.asso.fr\/equipe\/documents\/roadmap\/\" data-type=\"page\" data-id=\"92\">ce r\u00e9troplanning<\/a>.<\/p>\n\n\n\n<p><strong>Toutes les rubriques :<\/strong><\/p>\n\n\n\n\n<!-- Page-list plugin v.5.9 wordpress.org\/plugins\/page-list\/ -->\n<ul class=\"page-list subpages-page-list \">\n<li class=\"page_item page-item-632\"><a href=\"https:\/\/jdnd.mood.asso.fr\/equipe\/accueil\/communication\/affiche-flyer\/\">Affiche &#038; flyer<\/a><\/li>\n<li class=\"page_item page-item-853\"><a href=\"https:\/\/jdnd.mood.asso.fr\/equipe\/accueil\/communication\/facebook\/\">Facebook<\/a><\/li>\n<li class=\"page_item page-item-471\"><a href=\"https:\/\/jdnd.mood.asso.fr\/equipe\/accueil\/communication\/presse-temoignages\/\">Presse &#038; T\u00e9moignages<\/a><\/li>\n<li class=\"page_item page-item-182\"><a href=\"https:\/\/jdnd.mood.asso.fr\/equipe\/accueil\/communication\/site-internet\/\">Site internet<\/a><\/li>\n<li class=\"page_item page-item-186\"><a href=\"https:\/\/jdnd.mood.asso.fr\/equipe\/accueil\/communication\/video-presentation\/\">Vid\u00e9o de pr\u00e9sentation<\/a><\/li>\n<li class=\"page_item page-item-456 page_item_has_children\"><a href=\"https:\/\/jdnd.mood.asso.fr\/equipe\/accueil\/communication\/videos-animations\/\">Vid\u00e9os des animations<\/a>\n<ul class='children'>\n\t<li class=\"page_item page-item-538\"><a href=\"https:\/\/jdnd.mood.asso.fr\/equipe\/accueil\/communication\/videos-animations\/premontages\/\">Pr\u00e9montages<\/a><\/li>\n<\/ul>\n<\/li>\n\n<\/ul>\n","protected":false},"excerpt":{"rendered":"<p>Pour bien communiquer sur l&rsquo;\u00e9v\u00e9nement, je vous propose ce r\u00e9troplanning. Toutes les rubriques :<\/p>\n","protected":false},"author":1,"featured_media":0,"parent":7,"menu_order":0,"comment_status":"closed","ping_status":"closed","template":"","meta":{"_uag_custom_page_level_css":"","hide_page_title":"","footnotes":""},"class_list":["post-10","page","type-page","status-publish","hentry"],"uagb_featured_image_src":{"full":false,"thumbnail":false,"medium":false,"medium_large":false,"large":false,"1536x1536":false,"2048x2048":false},"uagb_author_info":{"display_name":"stefhan","author_link":"https:\/\/jdnd.mood.asso.fr\/equipe\/author\/stefhan\/"},"uagb_comment_info":0,"uagb_excerpt":"Pour bien communiquer sur l&rsquo;\u00e9v\u00e9nement, je vous propose ce r\u00e9troplanning. Toutes les rubriques :","_links":{"self":[{"href":"https:\/\/jdnd.mood.asso.fr\/equipe\/wp-json\/wp\/v2\/pages\/10","targetHints":{"allow":["GET"]}}],"collection":[{"href":"https:\/\/jdnd.mood.asso.fr\/equipe\/wp-json\/wp\/v2\/pages"}],"about":[{"href":"https:\/\/jdnd.mood.asso.fr\/equipe\/wp-json\/wp\/v2\/types\/page"}],"author":[{"embeddable":true,"href":"https:\/\/jdnd.mood.asso.fr\/equipe\/wp-json\/wp\/v2\/users\/1"}],"replies":[{"embeddable":true,"href":"https:\/\/jdnd.mood.asso.fr\/equipe\/wp-json\/wp\/v2\/comments?post=10"}],"version-history":[{"count":38,"href":"https:\/\/jdnd.mood.asso.fr\/equipe\/wp-json\/wp\/v2\/pages\/10\/revisions"}],"predecessor-version":[{"id":847,"href":"https:\/\/jdnd.mood.asso.fr\/equipe\/wp-json\/wp\/v2\/pages\/10\/revisions\/847"}],"up":[{"embeddable":true,"href":"https:\/\/jdnd.mood.asso.fr\/equipe\/wp-json\/wp\/v2\/pages\/7"}],"wp:attachment":[{"href":"https:\/\/jdnd.mood.asso.fr\/equipe\/wp-json\/wp\/v2\/media?parent=10"}],"curies":[{"name":"wp","href":"https:\/\/api.w.org\/{rel}","templated":true}]}}